{"id":6,"date":"2012-07-20T06:26:39","date_gmt":"2012-07-20T06:26:39","guid":{"rendered":"http:\/\/www.kaizen-energy.net\/Viva\/?page_id=6"},"modified":"2024-06-25T20:47:59","modified_gmt":"2024-06-25T20:47:59","slug":"compania","status":"publish","type":"page","link":"http:\/\/www.kaizen-energy.net\/Viva\/compania\/","title":{"rendered":"Porque Mercadeo en Red"},"content":{"rendered":"<h1 style=\"text-align: center;\"><strong>El Equipo Kaizen\u00a0Recomienda el MLM<\/strong><\/h1>\n<p><span style=\"font-size: medium;\">Mercadeo en red: El negocio del siglo XXI<\/span><br \/>\n<span style=\"font-size: medium;\">por Robert T. Kiyosaki<\/span><\/p>\n<p><span style=\"font-size: medium;\">Lo he estado diciendo por a\u00f1os: asumir la responsabilidad de tus finanzas o tomar pedidos para el resto de tu vida.<\/span><br \/>\n<span style=\"font-size: medium;\"><br \/>\nEsta frase realmente resume tu opci\u00f3n econ\u00f3mica. Asumir la responsabilidad es la diferencia entre ricos y pobres. Eres un maestro de dinero o un esclavo al dinero.<\/span><br \/>\n<span style=\"font-size: medium;\">Pero la buena noticia es que puedes hacer esa elecci\u00f3n. Aun en medio de la peor crisis econ\u00f3mica desde la gran depresi\u00f3n, existe una forma comprobada para crear riqueza genuina. Es a trav\u00e9s del modelo de negocio que creo es el modelo perfecto para el siglo XXI: marketing de redes.<\/span><\/p>\n<p><span style=\"font-size: medium;\">Lo que nos trajo hasta ac\u00e1<\/span><\/p>\n<p><span style=\"font-size: medium;\">Desde padre rico padre pobre sali\u00f3 en 1997, las personas me han preguntado, &#8220;\u00bfC\u00f3mo puedo construir verdadera riqueza?&#8221; Y una y otra vez he dicho lo mismo: &#8220;Iniciar tu propio negocio!&#8221;<\/span><\/p>\n<p><span style=\"font-size: medium;\">S<\/span><span style=\"font-size: medium;\">i ha sido renuente a hacerlo, tal vez los \u00faltimos a\u00f1os te han convencido que deber\u00edas reconsiderar. T\u00fa has visto lo que ha sucedido a la econom\u00eda. Total debacle financiera global.<\/span><\/p>\n<p><span style=\"font-size: medium;\">El modelo de sus padres y abuelos &#8212; ir a trabajar en el mundo corporativo \u2014 simplemente no funciona en el siglo XXI. \u00bfPor qu\u00e9? Dos razones: tecnolog\u00eda y competencia de ultramar.<\/span><\/p>\n<p><span style=\"font-size: medium;\">La tecnolog\u00eda es grande, con todos los nuevos aparatos y artilugios que permiten comunicarse y funcionar las empresas con m\u00e1s eficiencia, pero tambi\u00e9n es la raz\u00f3n de que las personas est\u00e1n perdiendo sus puestos de trabajo. \u00bfPor qu\u00e9 alguien te va a pagar dinero cuando te puede remplazar con un equipo que funciona m\u00e1s r\u00e1pido y m\u00e1s duro? No tiene ning\u00fan sentido econ\u00f3micamente.<\/span><\/p>\n<p><span style=\"font-size: medium;\">Otra raz\u00f3n de la crisis que enfrentamos es que los trabajadores ahora compiten por puestos de trabajo con los de China, India, Filipinas y Europa oriental. Los estadounidenses ya no pueden hacer $80 en una hora porque hay gente en pa\u00edses de todo el mundo que est\u00e1n dispuestos a trabajar por un d\u00f3lar la hora. \u00bfC\u00f3mo se puede competir con eso?<\/span><\/p>\n<p><span style=\"font-size: medium;\">La respuesta es que no se puede. Es por eso ahora, m\u00e1s que nunca, necesitas tener tu propio negocio.<\/span><\/p>\n<p><span style=\"font-size: medium;\">Mi pap\u00e1 Rico, quien fue el padre de mi mejor amigo, comenz\u00f3 a ense\u00f1arme sobre finanzas cuando ten\u00eda 9 a\u00f1os. La lecci\u00f3n m\u00e1s importante que me ense\u00f1\u00f3 fue esto: Si quieres ser rico, no consigues un trabajo, no ahorras dinero y no sales de la deuda; aprende a utilizar el dinero y ser emprendedor.<\/span><\/p>\n<p><span style=\"font-size: medium;\">Ese Consejo de hace 50 a\u00f1os suena m\u00e1s cierto hoy. Ser emprendedor es la mejor manera para que tomes control de tu futuro financiero. En lugar de tener la esperanza de que el gobierno o t\u00fa empleador te cuide, es hora de empezar a cuidar de ti y tu familia. S\u00ed, los tiempos son dif\u00edciles ahora. Con la econom\u00eda como es, puede parecer espantoso para iniciar un negocio. Pero \u00bfpor qu\u00e9 gastar tiempo preocupante si vas a ser despedido o reducido cuando tienes oportunidades disponibles que pueden ayudarte a crear riqueza genuina y una vida m\u00e1s feliz?<\/span><\/p>\n<p><span style=\"font-size: medium;\">\u00bfCu\u00e1les son las oportunidades? Hay muchas, pero de todos los modelos de negocio que he visto, se destaca una del resto. Requiere poco dinero por adelantado y muy poca sobrecarga. Puede ser trabajado a tiempo parcial y pueden generar suficientes ingresos medio tiempo para que se pueda realizar una transici\u00f3n de tu trabajo de tiempo completo. Y esta gran oportunidad de negocio es mercadeo en redes.<\/span><\/p>\n<p><span style=\"font-size: medium;\">Mercadeo en redes se trata de convertir a la gente de empleados a empresarios. Eso es lo que he hablado durante a\u00f1os en mi libro cuadrante del flujo de caja. Para crear riqueza, tienes que mover desde el lado izquierdo del cuadrante, desde el empleado (E) o aut\u00f3empleado (A), a la derecha como due\u00f1o de la empresa (D) o inversionista (I).<\/span><\/p>\n<p><span style=\"font-size: medium;\">Y eso es lo que el mercadeo en redes te ayuda a hacer. Es una manera fabulosa de crecer y ayudar a otras personas para crecer y desarrollar todo tu potencial en la vida. Y por eso creo que es, como dice mi nuevo libro, el negocio del siglo XXI.<\/span><\/p>\n<p><span style=\"font-size: medium;\">\u00bfPor qu\u00e9 funciona el mercadeo en red?<\/span><\/p>\n<p><span style=\"font-size: medium;\">Aparte de las recompensas financieras que se ofrece, este es el principal motivo porque lo recomiendo. Se trata de levantar a las personas, no bajarlas. Se trata de desarrollarlas para que puedan tomar mayor control de sus vidas y su futuro sin preocuparse de ser despedido o reducido si la econom\u00eda toma otra recesi\u00f3n.<\/span><\/p>\n<p><span style=\"font-size: medium;\">Voy a ser honesto; Cuando me introdujo a la comercializaci\u00f3n de la red, no qued\u00e9 impresionado. Ten\u00eda una mente cerrada a la misma. Pero un amigo m\u00edo en Texas cambi\u00f3 mis sentimientos sobre \u00e9l. Era un tipo Rico, y \u00e9l estaba empezando un negocio de mercadeo en red. \u00c9l no necesitaba el dinero. Pero lo que necesitaba era ayudar a otros.<\/span><\/p>\n<p><span style=\"font-size: medium;\">Es cuando supe que el mercadeo en red se trata realmente sobre gente ayudando a la gente. Y ah\u00ed es cuando mi mente comenz\u00f3 a cambiar. Mi amigo pudo ayudar a las personas a hacer la transici\u00f3n de empleado (E) o trabajo por cuenta propia o de peque\u00f1a empresa propietario (A) a grandes empresas (D) y el inversionista (I). Con ese conocimiento, ten\u00eda un punto de vista renovado.<\/span><\/p>\n<p><span style=\"font-size: medium;\">Cuando me puse a buscar cuidadosamente en las empresas de mercadeo en red, me enter\u00e9 que hubo organizaciones fabulosas. Estaba impresionado por el hecho de que la mayor\u00eda de las empresas ten\u00edan un deseo sincero de ayudar a sus cong\u00e9neres a crecer, a ser m\u00e1s grande de lo que eran, para ganar confianza y nuevas habilidades para convertirse en grandes empresarios. Vi el mercadeo en red como un gran negocio tipo de desarrollo personal.<\/span><\/p>\n<p><span style=\"font-size: medium;\">La verdad es que entre m\u00e1s creces como persona, m\u00e1s crecer\u00e1 tu riqueza. Mercadeo en red es como un grupo de apoyo que quiere lo mejor para ti. Quiere ayudarte a crecer. Y es el mayor beneficio que ofrece a los emprendedores \u2014 la oportunidad de ser m\u00e1s y ganar m\u00e1s que cre\u00edste posible.<\/span><\/p>\n<p><span style=\"font-size: medium;\">Desarrolla grandes l\u00edderes<\/span><\/p>\n<p><span style=\"font-size: medium;\">Soy un empresario exitoso hoy por una raz\u00f3n: la formaci\u00f3n en los Marines. Lo m\u00e1s importante que aprend\u00ed en el servicio fue c\u00f3mo ser un gran l\u00edder. Mi formaci\u00f3n m\u00e1s cr\u00edtico fue los cuatro elementos de liderazgo \u2014 mental, emocional, f\u00edsico y espiritual. Trabajaron en armon\u00eda para ayudarme sobrepasar a las misiones en Vietnam.<\/span><\/p>\n<p><span style=\"font-size: medium;\">C<\/span><span style=\"font-size: medium;\">uando sal\u00ed de los Marines, apliqu\u00e9 estos mismos elementos de liderazgo para el mundo de los negocios. Es obvio por qu\u00e9 algunas empresas tienen \u00e9xito y otros no. Esta en los l\u00edderes. Es gente como Elon Musk, Richard Branson y Warren Buffett, que dan tanto \u00e9xito a sus empresas.<\/span><\/p>\n<p><span style=\"font-size: medium;\">Para tener \u00e9xito en los negocios, o la vida, tienes que ser un l\u00edder eficaz. Y liderazgo genuino es extremadamente raro. La mayor\u00eda de las empresas de marketing de red entienden que deben ser un modelo, un ejemplo para otras personas a seguir. Si te falta coraje o convicci\u00f3n, gente simplemente no va a seguirte. No atraer\u00e1s a gente nueva, no duplicar\u00e1s tu negocio y fricar\u00e1s.<\/span><\/p>\n<p><span style=\"font-size: medium;\">En el mercadeo en red, no s\u00f3lo se aprende grandes habilidades de ventas, pero tambi\u00e9n aprender\u00e1s habilidades de liderazgo. Las empresas gastan mucho tiempo con los reci\u00e9n llegados para su formaci\u00f3n porque saben que si no los hacen efectivos e inspiradores l\u00edderes, que no ser\u00e1n exitosos, no importa lo bueno del producto o servicio. Creo en el concepto de las redes de marketing porque trabaja duro para desarrollar grandes l\u00edderes.<\/span><\/p>\n<p><span style=\"font-size: medium;\">Crea riqueza genuina<\/span><\/p>\n<p><span style=\"font-size: medium;\">Uno de los mayores valores de un negocio de mercadeo en red \u2014 y que la mayor\u00eda de las personas que est\u00e1n considerando entrar a la industria no agarre completamente \u2014 es que es un motor de creaci\u00f3n de riqueza personal. La raz\u00f3n por la que no pueden captarlo es porque no entienden la diferencia entre la riqueza y el dinero.<\/span><\/p>\n<p><span style=\"font-size: medium;\">Los dos no son la misma cosa. El dinero es lo que gana; la riqueza es lo que construye. Los ricos se hagan m\u00e1s ricos porque ellos no trabajan para generar ingresos; trabajan para crear riqueza.<\/span><\/p>\n<p><span style=\"font-size: medium;\">Los E y A trabajan duro, pero no crean nada activo. Si alguien es aut\u00f3nomo, puede tener un negocio, pero no es realmente un activo. Ese es el problema, porque si \u00e9l deja de funcionar, muere el activo. Simplemente no funciona ya. Los D e I por otro lado, est\u00e1n creando activos reales.<\/span><\/p>\n<p><span style=\"font-size: medium;\">Y eso es lo que el mercadeo en red te ayuda a hacer. Crear activos reales. Un negocio de mercadeo en red es un activo real. La red es un activo. As\u00ed que cuando la gente considera la industria, necesitan poder ver esta distinci\u00f3n. Ellos necesitan saber la diferencia de mentalidad entre E y A y el D y del I. Los E y A trabajan para el dinero. Los D e I trabajan para construir activos y los activos crean riqueza genuina.<\/span><\/p>\n<p><span style=\"font-size: medium;\">La elecci\u00f3n es tuya.<\/span><\/p>\n<p><span style=\"font-size: medium;\">Seamos realistas: aun si la econom\u00eda se recupera algo, las posibilidades de que vuelvas a tener seguridad en el empleo son escasas a ninguno. Es por eso que necesitas tomar una decisi\u00f3n hoy: seguir siendo un empleado y tener el estr\u00e9s sobre lo que puede ser, o convertirte en empresario y tomar el asunto en tus propias manos.<\/span><\/p>\n<p><span style=\"font-size: medium;\">Me gusta el mercadeo en red porque es un negocio de oportunidad que se trata de las personas. No se trata de la educaci\u00f3n universitaria que tienes. Se no trata de raza, edad o g\u00e9nero. Se trata de un terreno de juego igual para todos, y lo que logras en recompensas financieras es enteramente tuya. Si tienes m\u00e1s determinaci\u00f3n, m\u00e1s unidad y disciplina que otros, vas a ganar. La raz\u00f3n que es el modelo de negocio del futuro es que est\u00e1 estructurado para que sea posible para que cualquiera pueda ganar.<\/span><\/p>\n<p><span style=\"font-size: medium;\">Es el negocio de la nueva era. Suelte tu pensamiento de la era industrial y la insistencia de tus padres en conseguir un trabajo. Obt\u00e9n un negocio en su lugar. En esta era de la informaci\u00f3n, mientras el desempleo aumenta y los salarios de disminuci\u00f3n, empresas de marketing de red van a explotar.<\/span><\/p>\n<p><span style=\"font-size: medium;\">Y esa explosi\u00f3n va a significar una cartera m\u00e1s gorda para ti y, m\u00e1s importante, \u00e9xito personal. Mercadeo en red se trata, sobre todo, de desarrollo personal. Se trata de ser m\u00e1s grande que tus problemas. Se trata de sacar la grandeza dentro de TI. Y se trata de crear libertad financiera a trav\u00e9s de un proceso que ayuda a los dem\u00e1s.<\/span><\/p>\n<p><span style=\"font-size: medium;\">Por lo tanto, preg\u00fantate, \u00bfdeseas ser un empleado o emprendedor? Es tu elecci\u00f3n&#8230; pero elige sabiamente.<\/span><\/p>\n<p><span style=\"font-size: medium;\">Esperamos apoyarte a cada paso en realizar tus sue\u00f1os!<\/span><\/p>\n<p><span style=\"font-size: medium;\">Si ya est\u00e1s listo pues te invitamos a formar parte del equipo Kaizen y la empresa Neumi!<\/span><\/p>\n","protected":false},"excerpt":{"rendered":"<p>El Equipo Kaizen\u00a0Recomienda el MLM Mercadeo en red: El negocio del siglo XXI por Robert T. Kiyosaki Lo he estado diciendo por a\u00f1os: asumir la responsabilidad de tus finanzas o tomar pedidos para el resto de tu vida. Esta frase realmente resume tu opci\u00f3n econ\u00f3mica. Asumir la responsabilidad es la diferencia entre ricos y pobres. [&hellip;]<\/p>\n","protected":false},"author":1,"featured_media":0,"parent":0,"menu_order":0,"comment_status":"open","ping_status":"open","template":"","meta":{"footnotes":""},"class_list":["post-6","page","type-page","status-publish","hentry"],"yoast_head":"<!-- This site is optimized with the Yoast SEO plugin v27.4 - https:\/\/yoast.com\/product\/yoast-seo-wordpress\/ -->\n<title>La Empresa MLM Correcta<\/title>\n<meta name=\"description\" content=\"La Empresa MLM que ha escogido el equipo Kaizen se llama Neumi.\" class=\"yoast-seo-meta-tag\" \/>\n<meta name=\"robots\" content=\"index, follow, max-snippet:-1, max-image-preview:large, max-video-preview:-1\" \/>\n<link rel=\"canonical\" href=\"http:\/\/www.kaizen-energy.net\/Viva\/compania\/\" class=\"yoast-seo-meta-tag\" \/>\n<meta property=\"og:locale\" content=\"en_US\" class=\"yoast-seo-meta-tag\" \/>\n<meta property=\"og:type\" content=\"article\" class=\"yoast-seo-meta-tag\" \/>\n<meta property=\"og:title\" content=\"La Empresa MLM Correcta\" class=\"yoast-seo-meta-tag\" \/>\n<meta property=\"og:description\" content=\"La Empresa MLM que ha escogido el equipo Kaizen se llama Neumi.\" class=\"yoast-seo-meta-tag\" \/>\n<meta property=\"og:url\" content=\"http:\/\/www.kaizen-energy.net\/Viva\/compania\/\" class=\"yoast-seo-meta-tag\" \/>\n<meta property=\"og:site_name\" content=\"Equipo Kaizen\" class=\"yoast-seo-meta-tag\" \/>\n<meta property=\"article:modified_time\" content=\"2024-06-25T20:47:59+00:00\" class=\"yoast-seo-meta-tag\" \/>\n<meta name=\"twitter:label1\" content=\"Est. reading time\" class=\"yoast-seo-meta-tag\" \/>\n\t<meta name=\"twitter:data1\" content=\"8 minutes\" class=\"yoast-seo-meta-tag\" \/>\n<script type=\"application\/ld+json\" class=\"yoast-schema-graph\">{\"@context\":\"https:\\\/\\\/schema.org\",\"@graph\":[{\"@type\":\"WebPage\",\"@id\":\"http:\\\/\\\/www.kaizen-energy.net\\\/Viva\\\/compania\\\/\",\"url\":\"http:\\\/\\\/www.kaizen-energy.net\\\/Viva\\\/compania\\\/\",\"name\":\"La Empresa MLM Correcta\",\"isPartOf\":{\"@id\":\"http:\\\/\\\/www.kaizen-energy.net\\\/Viva\\\/#website\"},\"datePublished\":\"2012-07-20T06:26:39+00:00\",\"dateModified\":\"2024-06-25T20:47:59+00:00\",\"description\":\"La Empresa MLM que ha escogido el equipo Kaizen se llama Neumi.\",\"inLanguage\":\"en-US\",\"potentialAction\":[{\"@type\":\"ReadAction\",\"target\":[\"http:\\\/\\\/www.kaizen-energy.net\\\/Viva\\\/compania\\\/\"]}]},{\"@type\":\"WebSite\",\"@id\":\"http:\\\/\\\/www.kaizen-energy.net\\\/Viva\\\/#website\",\"url\":\"http:\\\/\\\/www.kaizen-energy.net\\\/Viva\\\/\",\"name\":\"Equipo Kaizen\",\"description\":\"Blog Oficial del Equipo Kaizen\",\"potentialAction\":[{\"@type\":\"SearchAction\",\"target\":{\"@type\":\"EntryPoint\",\"urlTemplate\":\"http:\\\/\\\/www.kaizen-energy.net\\\/Viva\\\/?s={search_term_string}\"},\"query-input\":{\"@type\":\"PropertyValueSpecification\",\"valueRequired\":true,\"valueName\":\"search_term_string\"}}],\"inLanguage\":\"en-US\"}]}<\/script>\n<!-- \/ Yoast SEO plugin. -->","yoast_head_json":{"title":"La Empresa MLM Correcta","description":"La Empresa MLM que ha escogido el equipo Kaizen se llama Neumi.","robots":{"index":"index","follow":"follow","max-snippet":"max-snippet:-1","max-image-preview":"max-image-preview:large","max-video-preview":"max-video-preview:-1"},"canonical":"http:\/\/www.kaizen-energy.net\/Viva\/compania\/","og_locale":"en_US","og_type":"article","og_title":"La Empresa MLM Correcta","og_description":"La Empresa MLM que ha escogido el equipo Kaizen se llama Neumi.","og_url":"http:\/\/www.kaizen-energy.net\/Viva\/compania\/","og_site_name":"Equipo Kaizen","article_modified_time":"2024-06-25T20:47:59+00:00","twitter_misc":{"Est. reading time":"8 minutes"},"schema":{"@context":"https:\/\/schema.org","@graph":[{"@type":"WebPage","@id":"http:\/\/www.kaizen-energy.net\/Viva\/compania\/","url":"http:\/\/www.kaizen-energy.net\/Viva\/compania\/","name":"La Empresa MLM Correcta","isPartOf":{"@id":"http:\/\/www.kaizen-energy.net\/Viva\/#website"},"datePublished":"2012-07-20T06:26:39+00:00","dateModified":"2024-06-25T20:47:59+00:00","description":"La Empresa MLM que ha escogido el equipo Kaizen se llama Neumi.","inLanguage":"en-US","potentialAction":[{"@type":"ReadAction","target":["http:\/\/www.kaizen-energy.net\/Viva\/compania\/"]}]},{"@type":"WebSite","@id":"http:\/\/www.kaizen-energy.net\/Viva\/#website","url":"http:\/\/www.kaizen-energy.net\/Viva\/","name":"Equipo Kaizen","description":"Blog Oficial del Equipo Kaizen","potentialAction":[{"@type":"SearchAction","target":{"@type":"EntryPoint","urlTemplate":"http:\/\/www.kaizen-energy.net\/Viva\/?s={search_term_string}"},"query-input":{"@type":"PropertyValueSpecification","valueRequired":true,"valueName":"search_term_string"}}],"inLanguage":"en-US"}]}},"_links":{"self":[{"href":"http:\/\/www.kaizen-energy.net\/Viva\/wp-json\/wp\/v2\/pages\/6","targetHints":{"allow":["GET"]}}],"collection":[{"href":"http:\/\/www.kaizen-energy.net\/Viva\/wp-json\/wp\/v2\/pages"}],"about":[{"href":"http:\/\/www.kaizen-energy.net\/Viva\/wp-json\/wp\/v2\/types\/page"}],"author":[{"embeddable":true,"href":"http:\/\/www.kaizen-energy.net\/Viva\/wp-json\/wp\/v2\/users\/1"}],"replies":[{"embeddable":true,"href":"http:\/\/www.kaizen-energy.net\/Viva\/wp-json\/wp\/v2\/comments?post=6"}],"version-history":[{"count":38,"href":"http:\/\/www.kaizen-energy.net\/Viva\/wp-json\/wp\/v2\/pages\/6\/revisions"}],"predecessor-version":[{"id":963,"href":"http:\/\/www.kaizen-energy.net\/Viva\/wp-json\/wp\/v2\/pages\/6\/revisions\/963"}],"wp:attachment":[{"href":"http:\/\/www.kaizen-energy.net\/Viva\/wp-json\/wp\/v2\/media?parent=6"}],"curies":[{"name":"wp","href":"https:\/\/api.w.org\/{rel}","templated":true}]}}