{"id":8,"date":"2012-07-20T06:35:05","date_gmt":"2012-07-20T06:35:05","guid":{"rendered":"http:\/\/www.kaizen-energy.net\/Viva\/?page_id=8"},"modified":"2024-06-25T20:40:30","modified_gmt":"2024-06-25T20:40:30","slug":"liderazgo","status":"publish","type":"page","link":"http:\/\/www.kaizen-energy.net\/Viva\/liderazgo\/","title":{"rendered":"Liderazgo"},"content":{"rendered":"<p><strong>El Liderazgo de la empresa<\/strong><\/p>\n<p><strong>El Sr. Steve Scott<\/strong><\/p>\n<p><a href=\"http:\/\/www.kaizen-energy.net\/Viva\/wp-content\/uploads\/2024\/06\/Steve-SCott.jpeg\"><img loading=\"lazy\" decoding=\"async\" class=\"alignnone wp-image-956 size-medium\" src=\"http:\/\/www.kaizen-energy.net\/Viva\/wp-content\/uploads\/2024\/06\/Steve-SCott-300x200.jpeg\" alt=\"\" width=\"300\" height=\"200\" srcset=\"http:\/\/www.kaizen-energy.net\/Viva\/wp-content\/uploads\/2024\/06\/Steve-SCott-300x200.jpeg 300w, http:\/\/www.kaizen-energy.net\/Viva\/wp-content\/uploads\/2024\/06\/Steve-SCott.jpeg 750w\" sizes=\"auto, (max-width: 300px) 100vw, 300px\" \/><\/a><\/p>\n<p><strong>\u00a1Experiencia tiene importancia!<\/strong><\/p>\n<p>\u00a1Manteniendo un negocio \u2013 operaciones, entrenamiento y dotaci\u00f3n de personal, soporte, ingenier\u00eda, log\u00edstica, desarrollo de producto, n\u00f3mina, legal, impuestos, y manejando muchos problemas sin fin \u2013 requiere experiencia!<\/p>\n<p>Innovador, revolucionario y veterano de los negocios globales que ha construido un imperio empresarial multimillonario.<\/p>\n<div id=\"gt-c\" class=\"g-section\">\n<div id=\"gt-form-c\">\n<form id=\"gt-form\" action=\"\/\" enctype=\"application\/x-www-form-urlencoded\" method=\"post\" name=\"text_form\">\n<div id=\"gt-text-all\">\n<div id=\"gt-main\">\n<div id=\"gt-text-c\">\n<div id=\"gt-text-top\">\n<div id=\"gt-res-c\" class=\"g-unit\">\n<div id=\"gt-res-p\">\n<div id=\"gt-res-data\">\n<div id=\"gt-res-wrap\">\n<div id=\"gt-res-content\">\n<div id=\"gt-res-dir-ctr\" class=\"trans-verified-button-small\" dir=\"ltr\">\n<p>Steven K. Scott suspendi\u00f3 sus primeros 9 trabajos nada m\u00e1s terminar la universidad, pero despu\u00e9s de leer el libro de Proverbios, aprendi\u00f3 16 estrategias que aplic\u00f3 en cada \u00e1rea de su vida. Steve es un autor cristiano de gran \u00e9xito y creador de negocios multimillonarios. El bendito viaje empresarial de Steve ha financiado su ministerio. Su \u00faltimo proyecto se llama &#8220;Neumi&#8221; y se refiere a \u00e9l como el mayor avance en salud que jam\u00e1s haya visto.<\/p>\n<p><iframe loading=\"lazy\" title=\"Steve Scott&#039;s Breakthrough (Spanish)\" src=\"https:\/\/player.vimeo.com\/video\/768716620?dnt=1&amp;app_id=122963\" width=\"627\" height=\"353\" frameborder=\"0\" allow=\"autoplay; fullscreen; picture-in-picture; clipboard-write\"><\/iframe><\/p>\n<p><a href=\"https:\/\/stevekscott.com\/\">Steven K. Scott (stevekscott.com)<\/a><\/p>\n<\/div>\n<\/div>\n<\/div>\n<\/div>\n<\/div>\n<\/div>\n<\/div>\n<\/div>\n<\/div>\n<\/div>\n<\/form>\n<\/div>\n<\/div>\n","protected":false},"excerpt":{"rendered":"<p>El Liderazgo de la empresa El Sr. Steve Scott \u00a1Experiencia tiene importancia! \u00a1Manteniendo un negocio \u2013 operaciones, entrenamiento y dotaci\u00f3n de personal, soporte, ingenier\u00eda, log\u00edstica, desarrollo de producto, n\u00f3mina, legal, impuestos, y manejando muchos problemas sin fin \u2013 requiere experiencia! Innovador, revolucionario y veterano de los negocios globales que ha construido un imperio empresarial multimillonario. [&hellip;]<\/p>\n","protected":false},"author":1,"featured_media":0,"parent":0,"menu_order":0,"comment_status":"open","ping_status":"open","template":"","meta":{"footnotes":""},"class_list":["post-8","page","type-page","status-publish","hentry"],"yoast_head":"<!-- This site is optimized with the Yoast SEO plugin v27.3 - https:\/\/yoast.com\/product\/yoast-seo-wordpress\/ -->\n<title>El Liderazgo<\/title>\n<meta name=\"description\" content=\"El Liderazgo es lo que le da una GRAN ventaja sobre la competencia y asegura que tu puedes confiar en que la oportunidad es de largo plazo.\" class=\"yoast-seo-meta-tag\" \/>\n<meta name=\"robots\" content=\"index, follow, max-snippet:-1, max-image-preview:large, max-video-preview:-1\" \/>\n<link rel=\"canonical\" href=\"http:\/\/www.kaizen-energy.net\/Viva\/liderazgo\/\" class=\"yoast-seo-meta-tag\" \/>\n<meta property=\"og:locale\" content=\"en_US\" class=\"yoast-seo-meta-tag\" \/>\n<meta property=\"og:type\" content=\"article\" class=\"yoast-seo-meta-tag\" \/>\n<meta property=\"og:title\" content=\"El Liderazgo\" class=\"yoast-seo-meta-tag\" \/>\n<meta property=\"og:description\" content=\"El Liderazgo es lo que le da una GRAN ventaja sobre la competencia y asegura que tu puedes confiar en que la oportunidad es de largo plazo.\" class=\"yoast-seo-meta-tag\" \/>\n<meta property=\"og:url\" content=\"http:\/\/www.kaizen-energy.net\/Viva\/liderazgo\/\" class=\"yoast-seo-meta-tag\" \/>\n<meta property=\"og:site_name\" content=\"Equipo Kaizen\" class=\"yoast-seo-meta-tag\" \/>\n<meta property=\"article:modified_time\" content=\"2024-06-25T20:40:30+00:00\" class=\"yoast-seo-meta-tag\" \/>\n<meta property=\"og:image\" content=\"http:\/\/www.kaizen-energy.net\/Viva\/wp-content\/uploads\/2024\/06\/Steve-SCott-300x200.jpeg\" class=\"yoast-seo-meta-tag\" \/>\n<meta name=\"twitter:label1\" content=\"Est. reading time\" class=\"yoast-seo-meta-tag\" \/>\n\t<meta name=\"twitter:data1\" content=\"1 minute\" class=\"yoast-seo-meta-tag\" \/>\n<script type=\"application\/ld+json\" class=\"yoast-schema-graph\">{\"@context\":\"https:\\\/\\\/schema.org\",\"@graph\":[{\"@type\":\"WebPage\",\"@id\":\"http:\\\/\\\/www.kaizen-energy.net\\\/Viva\\\/liderazgo\\\/\",\"url\":\"http:\\\/\\\/www.kaizen-energy.net\\\/Viva\\\/liderazgo\\\/\",\"name\":\"El Liderazgo\",\"isPartOf\":{\"@id\":\"http:\\\/\\\/www.kaizen-energy.net\\\/Viva\\\/#website\"},\"primaryImageOfPage\":{\"@id\":\"http:\\\/\\\/www.kaizen-energy.net\\\/Viva\\\/liderazgo\\\/#primaryimage\"},\"image\":{\"@id\":\"http:\\\/\\\/www.kaizen-energy.net\\\/Viva\\\/liderazgo\\\/#primaryimage\"},\"thumbnailUrl\":\"http:\\\/\\\/www.kaizen-energy.net\\\/Viva\\\/wp-content\\\/uploads\\\/2024\\\/06\\\/Steve-SCott-300x200.jpeg\",\"datePublished\":\"2012-07-20T06:35:05+00:00\",\"dateModified\":\"2024-06-25T20:40:30+00:00\",\"description\":\"El Liderazgo es lo que le da una GRAN ventaja sobre la competencia y asegura que tu puedes confiar en que la oportunidad es de largo plazo.\",\"inLanguage\":\"en-US\",\"potentialAction\":[{\"@type\":\"ReadAction\",\"target\":[\"http:\\\/\\\/www.kaizen-energy.net\\\/Viva\\\/liderazgo\\\/\"]}]},{\"@type\":\"ImageObject\",\"inLanguage\":\"en-US\",\"@id\":\"http:\\\/\\\/www.kaizen-energy.net\\\/Viva\\\/liderazgo\\\/#primaryimage\",\"url\":\"http:\\\/\\\/www.kaizen-energy.net\\\/Viva\\\/wp-content\\\/uploads\\\/2024\\\/06\\\/Steve-SCott.jpeg\",\"contentUrl\":\"http:\\\/\\\/www.kaizen-energy.net\\\/Viva\\\/wp-content\\\/uploads\\\/2024\\\/06\\\/Steve-SCott.jpeg\",\"width\":750,\"height\":500},{\"@type\":\"WebSite\",\"@id\":\"http:\\\/\\\/www.kaizen-energy.net\\\/Viva\\\/#website\",\"url\":\"http:\\\/\\\/www.kaizen-energy.net\\\/Viva\\\/\",\"name\":\"Equipo Kaizen\",\"description\":\"Blog Oficial del Equipo Kaizen\",\"potentialAction\":[{\"@type\":\"SearchAction\",\"target\":{\"@type\":\"EntryPoint\",\"urlTemplate\":\"http:\\\/\\\/www.kaizen-energy.net\\\/Viva\\\/?s={search_term_string}\"},\"query-input\":{\"@type\":\"PropertyValueSpecification\",\"valueRequired\":true,\"valueName\":\"search_term_string\"}}],\"inLanguage\":\"en-US\"}]}<\/script>\n<!-- \/ Yoast SEO plugin. -->","yoast_head_json":{"title":"El Liderazgo","description":"El Liderazgo es lo que le da una GRAN ventaja sobre la competencia y asegura que tu puedes confiar en que la oportunidad es de largo plazo.","robots":{"index":"index","follow":"follow","max-snippet":"max-snippet:-1","max-image-preview":"max-image-preview:large","max-video-preview":"max-video-preview:-1"},"canonical":"http:\/\/www.kaizen-energy.net\/Viva\/liderazgo\/","og_locale":"en_US","og_type":"article","og_title":"El Liderazgo","og_description":"El Liderazgo es lo que le da una GRAN ventaja sobre la competencia y asegura que tu puedes confiar en que la oportunidad es de largo plazo.","og_url":"http:\/\/www.kaizen-energy.net\/Viva\/liderazgo\/","og_site_name":"Equipo Kaizen","article_modified_time":"2024-06-25T20:40:30+00:00","og_image":[{"url":"http:\/\/www.kaizen-energy.net\/Viva\/wp-content\/uploads\/2024\/06\/Steve-SCott-300x200.jpeg","type":"","width":"","height":""}],"twitter_misc":{"Est. reading time":"1 minute"},"schema":{"@context":"https:\/\/schema.org","@graph":[{"@type":"WebPage","@id":"http:\/\/www.kaizen-energy.net\/Viva\/liderazgo\/","url":"http:\/\/www.kaizen-energy.net\/Viva\/liderazgo\/","name":"El Liderazgo","isPartOf":{"@id":"http:\/\/www.kaizen-energy.net\/Viva\/#website"},"primaryImageOfPage":{"@id":"http:\/\/www.kaizen-energy.net\/Viva\/liderazgo\/#primaryimage"},"image":{"@id":"http:\/\/www.kaizen-energy.net\/Viva\/liderazgo\/#primaryimage"},"thumbnailUrl":"http:\/\/www.kaizen-energy.net\/Viva\/wp-content\/uploads\/2024\/06\/Steve-SCott-300x200.jpeg","datePublished":"2012-07-20T06:35:05+00:00","dateModified":"2024-06-25T20:40:30+00:00","description":"El Liderazgo es lo que le da una GRAN ventaja sobre la competencia y asegura que tu puedes confiar en que la oportunidad es de largo plazo.","inLanguage":"en-US","potentialAction":[{"@type":"ReadAction","target":["http:\/\/www.kaizen-energy.net\/Viva\/liderazgo\/"]}]},{"@type":"ImageObject","inLanguage":"en-US","@id":"http:\/\/www.kaizen-energy.net\/Viva\/liderazgo\/#primaryimage","url":"http:\/\/www.kaizen-energy.net\/Viva\/wp-content\/uploads\/2024\/06\/Steve-SCott.jpeg","contentUrl":"http:\/\/www.kaizen-energy.net\/Viva\/wp-content\/uploads\/2024\/06\/Steve-SCott.jpeg","width":750,"height":500},{"@type":"WebSite","@id":"http:\/\/www.kaizen-energy.net\/Viva\/#website","url":"http:\/\/www.kaizen-energy.net\/Viva\/","name":"Equipo Kaizen","description":"Blog Oficial del Equipo Kaizen","potentialAction":[{"@type":"SearchAction","target":{"@type":"EntryPoint","urlTemplate":"http:\/\/www.kaizen-energy.net\/Viva\/?s={search_term_string}"},"query-input":{"@type":"PropertyValueSpecification","valueRequired":true,"valueName":"search_term_string"}}],"inLanguage":"en-US"}]}},"_links":{"self":[{"href":"http:\/\/www.kaizen-energy.net\/Viva\/wp-json\/wp\/v2\/pages\/8","targetHints":{"allow":["GET"]}}],"collection":[{"href":"http:\/\/www.kaizen-energy.net\/Viva\/wp-json\/wp\/v2\/pages"}],"about":[{"href":"http:\/\/www.kaizen-energy.net\/Viva\/wp-json\/wp\/v2\/types\/page"}],"author":[{"embeddable":true,"href":"http:\/\/www.kaizen-energy.net\/Viva\/wp-json\/wp\/v2\/users\/1"}],"replies":[{"embeddable":true,"href":"http:\/\/www.kaizen-energy.net\/Viva\/wp-json\/wp\/v2\/comments?post=8"}],"version-history":[{"count":18,"href":"http:\/\/www.kaizen-energy.net\/Viva\/wp-json\/wp\/v2\/pages\/8\/revisions"}],"predecessor-version":[{"id":957,"href":"http:\/\/www.kaizen-energy.net\/Viva\/wp-json\/wp\/v2\/pages\/8\/revisions\/957"}],"wp:attachment":[{"href":"http:\/\/www.kaizen-energy.net\/Viva\/wp-json\/wp\/v2\/media?parent=8"}],"curies":[{"name":"wp","href":"https:\/\/api.w.org\/{rel}","templated":true}]}}