{"id":96,"date":"2012-09-12T07:47:32","date_gmt":"2012-09-12T07:47:32","guid":{"rendered":"http:\/\/www.kaizen-energy.net\/Viva\/?page_id=96"},"modified":"2024-06-25T20:33:11","modified_gmt":"2024-06-25T20:33:11","slug":"compensacion","status":"publish","type":"page","link":"http:\/\/www.kaizen-energy.net\/Viva\/compensacion\/","title":{"rendered":"Compensaci\u00f3n"},"content":{"rendered":"<p><strong>El Plan de Compensaci\u00f3n de Neumi es el plan m\u00e1s generoso en la industria! Ven a ver por qu\u00e9:<\/strong><\/p>\n<p>Imag\u00ednese un negocio basado en casa dise\u00f1ado con usted en mente. Hablemos con franqueza, entre trabajo, familia, y varias otras obligaciones importantes, la idea de montar su propio negocio puede ser de enormes proporciones. A\u00fan al mismo tiempo, todos so\u00f1amos sobre tener control de nuestra independencia y potencial de ingresos.<\/p>\n<p>Nuestro plan de compensaci\u00f3n fascinante fue dise\u00f1ado para personas motivadas de todos los niveles de experiencia. \u00a1As\u00ed que, si se quiere asociar con\u00a0nosotros de jornada completa, o solo quiere ser recompensado por recomendar nuestros servicios y productos a sus amigos y familia, es tiempo para empezar a ganar!<\/p>\n<p>Por primera vez en la historia de mercadeo de red viene un plan tan centrado que nuestros Asociados de medio tiempo tienen la oportunidad de ganar miles de d\u00f3lares cada mes, mientras nuestros Asociados de tiempo completo tienen la oportunidad de ganar ingresos de seis cifras o m\u00e1s.<\/p>\n<p><strong>La \u00fanica pregunta que debe formularse es: \u201c\u00bfCu\u00e1n exitoso quiero ser?\u201d<\/strong> El plan de compensaci\u00f3n es honesto y directo, y te permite ganar cheques muy pronto, al crear ingresos sustanciales residuales a largo plazo sin limitaciones.<\/p>\n<p><strong>\u00bfQu\u00e9 podr\u00eda ser m\u00e1s simple?<\/strong> Adem\u00e1s, el sistema de apoyo exhaustivo es siempre disponible para ayudarle a tener \u00e9xito en tu negocio.\u00a0 Siempre se te proveer\u00e1 sitios web y materiales de capacitaci\u00f3n y tendr\u00e1s literatura de mercadeo de mayor calidad a tu disposici\u00f3n.\u00a0 Tambi\u00e9n disfrutar\u00e1s de tutor\u00edas de l\u00edderes de equipo sumamente calificados.\u00a0 La ayuda estar\u00e1 disponible f\u00e1cilmente a cada paso de tu jornada hacia tu independencia financiera.<\/p>\n\n\n<figure class=\"wp-block-embed is-type-video is-provider-vimeo wp-block-embed-vimeo wp-embed-aspect-16-9 wp-has-aspect-ratio\"><div class=\"wp-block-embed__wrapper\">\n<iframe loading=\"lazy\" title=\"Presentaci\u00f3n de Oportunidad Neumi LATAM\" src=\"https:\/\/player.vimeo.com\/video\/859643017?dnt=1&amp;app_id=122963\" width=\"627\" height=\"353\" frameborder=\"0\" allow=\"autoplay; fullscreen; picture-in-picture; clipboard-write\"><\/iframe>\n<\/div><\/figure>\n","protected":false},"excerpt":{"rendered":"<p>El Plan de Compensaci\u00f3n de Neumi es el plan m\u00e1s generoso en la industria! Ven a ver por qu\u00e9: Imag\u00ednese un negocio basado en casa dise\u00f1ado con usted en mente. Hablemos con franqueza, entre trabajo, familia, y varias otras obligaciones importantes, la idea de montar su propio negocio puede ser de enormes proporciones. A\u00fan al [&hellip;]<\/p>\n","protected":false},"author":1,"featured_media":0,"parent":0,"menu_order":0,"comment_status":"open","ping_status":"open","template":"","meta":{"footnotes":""},"class_list":["post-96","page","type-page","status-publish","hentry"],"yoast_head":"<!-- This site is optimized with the Yoast SEO plugin v27.3 - https:\/\/yoast.com\/product\/yoast-seo-wordpress\/ -->\n<title>Plan de Compensaci\u00f3n Neumi<\/title>\n<meta name=\"description\" content=\"El Plan de Compensaci\u00f3n Neumi es el plan mas generoso en la industria pagando mucho mas que cualquier otro plan de de compensaci\u00f3n en el mundo.\" class=\"yoast-seo-meta-tag\" \/>\n<meta name=\"robots\" content=\"index, follow, max-snippet:-1, max-image-preview:large, max-video-preview:-1\" \/>\n<link rel=\"canonical\" href=\"http:\/\/www.kaizen-energy.net\/Viva\/compensacion\/\" class=\"yoast-seo-meta-tag\" \/>\n<meta property=\"og:locale\" content=\"en_US\" class=\"yoast-seo-meta-tag\" \/>\n<meta property=\"og:type\" content=\"article\" class=\"yoast-seo-meta-tag\" \/>\n<meta property=\"og:title\" content=\"Plan de Compensaci\u00f3n Neumi\" class=\"yoast-seo-meta-tag\" \/>\n<meta property=\"og:description\" content=\"El Plan de Compensaci\u00f3n Neumi es el plan mas generoso en la industria pagando mucho mas que cualquier otro plan de de compensaci\u00f3n en el mundo.\" class=\"yoast-seo-meta-tag\" \/>\n<meta property=\"og:url\" content=\"http:\/\/www.kaizen-energy.net\/Viva\/compensacion\/\" class=\"yoast-seo-meta-tag\" \/>\n<meta property=\"og:site_name\" content=\"Equipo Kaizen\" class=\"yoast-seo-meta-tag\" \/>\n<meta property=\"article:modified_time\" content=\"2024-06-25T20:33:11+00:00\" class=\"yoast-seo-meta-tag\" \/>\n<meta name=\"twitter:label1\" content=\"Est. reading time\" class=\"yoast-seo-meta-tag\" \/>\n\t<meta name=\"twitter:data1\" content=\"2 minutes\" class=\"yoast-seo-meta-tag\" \/>\n<script type=\"application\/ld+json\" class=\"yoast-schema-graph\">{\"@context\":\"https:\\\/\\\/schema.org\",\"@graph\":[{\"@type\":\"WebPage\",\"@id\":\"http:\\\/\\\/www.kaizen-energy.net\\\/Viva\\\/compensacion\\\/\",\"url\":\"http:\\\/\\\/www.kaizen-energy.net\\\/Viva\\\/compensacion\\\/\",\"name\":\"Plan de Compensaci\u00f3n Neumi\",\"isPartOf\":{\"@id\":\"http:\\\/\\\/www.kaizen-energy.net\\\/Viva\\\/#website\"},\"datePublished\":\"2012-09-12T07:47:32+00:00\",\"dateModified\":\"2024-06-25T20:33:11+00:00\",\"description\":\"El Plan de Compensaci\u00f3n Neumi es el plan mas generoso en la industria pagando mucho mas que cualquier otro plan de de compensaci\u00f3n en el mundo.\",\"inLanguage\":\"en-US\",\"potentialAction\":[{\"@type\":\"ReadAction\",\"target\":[\"http:\\\/\\\/www.kaizen-energy.net\\\/Viva\\\/compensacion\\\/\"]}]},{\"@type\":\"WebSite\",\"@id\":\"http:\\\/\\\/www.kaizen-energy.net\\\/Viva\\\/#website\",\"url\":\"http:\\\/\\\/www.kaizen-energy.net\\\/Viva\\\/\",\"name\":\"Equipo Kaizen\",\"description\":\"Blog Oficial del Equipo Kaizen\",\"potentialAction\":[{\"@type\":\"SearchAction\",\"target\":{\"@type\":\"EntryPoint\",\"urlTemplate\":\"http:\\\/\\\/www.kaizen-energy.net\\\/Viva\\\/?s={search_term_string}\"},\"query-input\":{\"@type\":\"PropertyValueSpecification\",\"valueRequired\":true,\"valueName\":\"search_term_string\"}}],\"inLanguage\":\"en-US\"}]}<\/script>\n<!-- \/ Yoast SEO plugin. -->","yoast_head_json":{"title":"Plan de Compensaci\u00f3n Neumi","description":"El Plan de Compensaci\u00f3n Neumi es el plan mas generoso en la industria pagando mucho mas que cualquier otro plan de de compensaci\u00f3n en el mundo.","robots":{"index":"index","follow":"follow","max-snippet":"max-snippet:-1","max-image-preview":"max-image-preview:large","max-video-preview":"max-video-preview:-1"},"canonical":"http:\/\/www.kaizen-energy.net\/Viva\/compensacion\/","og_locale":"en_US","og_type":"article","og_title":"Plan de Compensaci\u00f3n Neumi","og_description":"El Plan de Compensaci\u00f3n Neumi es el plan mas generoso en la industria pagando mucho mas que cualquier otro plan de de compensaci\u00f3n en el mundo.","og_url":"http:\/\/www.kaizen-energy.net\/Viva\/compensacion\/","og_site_name":"Equipo Kaizen","article_modified_time":"2024-06-25T20:33:11+00:00","twitter_misc":{"Est. reading time":"2 minutes"},"schema":{"@context":"https:\/\/schema.org","@graph":[{"@type":"WebPage","@id":"http:\/\/www.kaizen-energy.net\/Viva\/compensacion\/","url":"http:\/\/www.kaizen-energy.net\/Viva\/compensacion\/","name":"Plan de Compensaci\u00f3n Neumi","isPartOf":{"@id":"http:\/\/www.kaizen-energy.net\/Viva\/#website"},"datePublished":"2012-09-12T07:47:32+00:00","dateModified":"2024-06-25T20:33:11+00:00","description":"El Plan de Compensaci\u00f3n Neumi es el plan mas generoso en la industria pagando mucho mas que cualquier otro plan de de compensaci\u00f3n en el mundo.","inLanguage":"en-US","potentialAction":[{"@type":"ReadAction","target":["http:\/\/www.kaizen-energy.net\/Viva\/compensacion\/"]}]},{"@type":"WebSite","@id":"http:\/\/www.kaizen-energy.net\/Viva\/#website","url":"http:\/\/www.kaizen-energy.net\/Viva\/","name":"Equipo Kaizen","description":"Blog Oficial del Equipo Kaizen","potentialAction":[{"@type":"SearchAction","target":{"@type":"EntryPoint","urlTemplate":"http:\/\/www.kaizen-energy.net\/Viva\/?s={search_term_string}"},"query-input":{"@type":"PropertyValueSpecification","valueRequired":true,"valueName":"search_term_string"}}],"inLanguage":"en-US"}]}},"_links":{"self":[{"href":"http:\/\/www.kaizen-energy.net\/Viva\/wp-json\/wp\/v2\/pages\/96","targetHints":{"allow":["GET"]}}],"collection":[{"href":"http:\/\/www.kaizen-energy.net\/Viva\/wp-json\/wp\/v2\/pages"}],"about":[{"href":"http:\/\/www.kaizen-energy.net\/Viva\/wp-json\/wp\/v2\/types\/page"}],"author":[{"embeddable":true,"href":"http:\/\/www.kaizen-energy.net\/Viva\/wp-json\/wp\/v2\/users\/1"}],"replies":[{"embeddable":true,"href":"http:\/\/www.kaizen-energy.net\/Viva\/wp-json\/wp\/v2\/comments?post=96"}],"version-history":[{"count":38,"href":"http:\/\/www.kaizen-energy.net\/Viva\/wp-json\/wp\/v2\/pages\/96\/revisions"}],"predecessor-version":[{"id":953,"href":"http:\/\/www.kaizen-energy.net\/Viva\/wp-json\/wp\/v2\/pages\/96\/revisions\/953"}],"wp:attachment":[{"href":"http:\/\/www.kaizen-energy.net\/Viva\/wp-json\/wp\/v2\/media?parent=96"}],"curies":[{"name":"wp","href":"https:\/\/api.w.org\/{rel}","templated":true}]}}