{"id":964,"date":"2024-06-25T21:04:55","date_gmt":"2024-06-25T21:04:55","guid":{"rendered":"http:\/\/www.kaizen-energy.net\/Viva\/?page_id=964"},"modified":"2024-06-25T21:04:56","modified_gmt":"2024-06-25T21:04:56","slug":"el-producto-neumi","status":"publish","type":"page","link":"http:\/\/www.kaizen-energy.net\/Viva\/el-producto-neumi\/","title":{"rendered":"El Producto Neumi"},"content":{"rendered":"\n<p>Hers para las mujeres es algo que CADA mujer necesita en su vida!<\/p>\n\n\n\n<figure class=\"wp-block-embed is-type-video is-provider-vimeo wp-block-embed-vimeo wp-embed-aspect-16-9 wp-has-aspect-ratio\"><div class=\"wp-block-embed__wrapper\">\n<iframe loading=\"lazy\" title=\"Hers Espa\u00f1ol\" src=\"https:\/\/player.vimeo.com\/video\/877308734?dnt=1&amp;app_id=122963\" width=\"627\" height=\"353\" frameborder=\"0\" allow=\"autoplay; fullscreen; picture-in-picture; clipboard-write\"><\/iframe>\n<\/div><\/figure>\n\n\n\n<p>NutriSwish es proporciona Glutation que es uno de los ingredientes m\u00e1s importantes para el ser humano!<\/p>\n\n\n\n<figure class=\"wp-block-image size-full\"><a href=\"http:\/\/www.kaizen-energy.net\/Viva\/wp-content\/uploads\/2024\/06\/Hydrastat-Espanol.png\"><img loading=\"lazy\" decoding=\"async\" width=\"621\" height=\"590\" src=\"http:\/\/www.kaizen-energy.net\/Viva\/wp-content\/uploads\/2024\/06\/Hydrastat-Espanol.png\" alt=\"\" class=\"wp-image-990\" srcset=\"http:\/\/www.kaizen-energy.net\/Viva\/wp-content\/uploads\/2024\/06\/Hydrastat-Espanol.png 621w, http:\/\/www.kaizen-energy.net\/Viva\/wp-content\/uploads\/2024\/06\/Hydrastat-Espanol-300x285.png 300w\" sizes=\"auto, (max-width: 621px) 100vw, 621px\" \/><\/a><\/figure>\n\n\n\n<p>Aqu\u00ed hay varios antes y despu\u00e9s del efecto de Nutriswish combinado con Neumi Skin<\/p>\n\n\n\n<figure class=\"wp-block-gallery has-nested-images columns-default is-cropped wp-block-gallery-1 is-layout-flex wp-block-gallery-is-layout-flex\">\n<figure class=\"wp-block-image size-large\"><a href=\"http:\/\/www.kaizen-energy.net\/Viva\/wp-content\/uploads\/2024\/06\/428012551_7287659231324075_3915752031237021017_n.jpg\"><img loading=\"lazy\" decoding=\"async\" width=\"940\" height=\"788\" data-id=\"988\" src=\"http:\/\/www.kaizen-energy.net\/Viva\/wp-content\/uploads\/2024\/06\/428012551_7287659231324075_3915752031237021017_n.jpg\" alt=\"\" class=\"wp-image-988\" srcset=\"http:\/\/www.kaizen-energy.net\/Viva\/wp-content\/uploads\/2024\/06\/428012551_7287659231324075_3915752031237021017_n.jpg 940w, http:\/\/www.kaizen-energy.net\/Viva\/wp-content\/uploads\/2024\/06\/428012551_7287659231324075_3915752031237021017_n-300x251.jpg 300w, http:\/\/www.kaizen-energy.net\/Viva\/wp-content\/uploads\/2024\/06\/428012551_7287659231324075_3915752031237021017_n-768x644.jpg 768w\" sizes=\"auto, (max-width: 940px) 100vw, 940px\" \/><\/a><\/figure>\n\n\n\n<figure class=\"wp-block-image size-large\"><a href=\"http:\/\/www.kaizen-energy.net\/Viva\/wp-content\/uploads\/2024\/06\/417466001_2753019248208127_38175747413230889_n.jpg\"><img loading=\"lazy\" decoding=\"async\" width=\"1024\" height=\"769\" data-id=\"987\" src=\"http:\/\/www.kaizen-energy.net\/Viva\/wp-content\/uploads\/2024\/06\/417466001_2753019248208127_38175747413230889_n-1024x769.jpg\" alt=\"\" class=\"wp-image-987\" srcset=\"http:\/\/www.kaizen-energy.net\/Viva\/wp-content\/uploads\/2024\/06\/417466001_2753019248208127_38175747413230889_n-1024x769.jpg 1024w, http:\/\/www.kaizen-energy.net\/Viva\/wp-content\/uploads\/2024\/06\/417466001_2753019248208127_38175747413230889_n-300x225.jpg 300w, http:\/\/www.kaizen-energy.net\/Viva\/wp-content\/uploads\/2024\/06\/417466001_2753019248208127_38175747413230889_n-768x577.jpg 768w, http:\/\/www.kaizen-energy.net\/Viva\/wp-content\/uploads\/2024\/06\/417466001_2753019248208127_38175747413230889_n.jpg 1080w\" sizes=\"auto, (max-width: 1024px) 100vw, 1024px\" \/><\/a><\/figure>\n\n\n\n<figure class=\"wp-block-image size-large\"><a href=\"http:\/\/www.kaizen-energy.net\/Viva\/wp-content\/uploads\/2024\/06\/417492107_10232088095087869_8664326313642411069_n.jpg\"><img loading=\"lazy\" decoding=\"async\" width=\"1024\" height=\"576\" data-id=\"986\" src=\"http:\/\/www.kaizen-energy.net\/Viva\/wp-content\/uploads\/2024\/06\/417492107_10232088095087869_8664326313642411069_n-1024x576.jpg\" alt=\"\" class=\"wp-image-986\" srcset=\"http:\/\/www.kaizen-energy.net\/Viva\/wp-content\/uploads\/2024\/06\/417492107_10232088095087869_8664326313642411069_n-1024x576.jpg 1024w, http:\/\/www.kaizen-energy.net\/Viva\/wp-content\/uploads\/2024\/06\/417492107_10232088095087869_8664326313642411069_n-300x169.jpg 300w, http:\/\/www.kaizen-energy.net\/Viva\/wp-content\/uploads\/2024\/06\/417492107_10232088095087869_8664326313642411069_n-768x432.jpg 768w, http:\/\/www.kaizen-energy.net\/Viva\/wp-content\/uploads\/2024\/06\/417492107_10232088095087869_8664326313642411069_n-1536x864.jpg 1536w, http:\/\/www.kaizen-energy.net\/Viva\/wp-content\/uploads\/2024\/06\/417492107_10232088095087869_8664326313642411069_n.jpg 1920w\" sizes=\"auto, (max-width: 1024px) 100vw, 1024px\" \/><\/a><\/figure>\n\n\n\n<figure class=\"wp-block-image size-large\"><a href=\"http:\/\/www.kaizen-energy.net\/Viva\/wp-content\/uploads\/2024\/06\/419151512_763915772446088_5927866367863041445_n.jpg\"><img loading=\"lazy\" decoding=\"async\" width=\"1024\" height=\"1024\" data-id=\"985\" src=\"http:\/\/www.kaizen-energy.net\/Viva\/wp-content\/uploads\/2024\/06\/419151512_763915772446088_5927866367863041445_n-1024x1024.jpg\" alt=\"\" class=\"wp-image-985\" srcset=\"http:\/\/www.kaizen-energy.net\/Viva\/wp-content\/uploads\/2024\/06\/419151512_763915772446088_5927866367863041445_n-1024x1024.jpg 1024w, http:\/\/www.kaizen-energy.net\/Viva\/wp-content\/uploads\/2024\/06\/419151512_763915772446088_5927866367863041445_n-300x300.jpg 300w, http:\/\/www.kaizen-energy.net\/Viva\/wp-content\/uploads\/2024\/06\/419151512_763915772446088_5927866367863041445_n-150x150.jpg 150w, http:\/\/www.kaizen-energy.net\/Viva\/wp-content\/uploads\/2024\/06\/419151512_763915772446088_5927866367863041445_n-768x768.jpg 768w, http:\/\/www.kaizen-energy.net\/Viva\/wp-content\/uploads\/2024\/06\/419151512_763915772446088_5927866367863041445_n.jpg 1080w\" sizes=\"auto, (max-width: 1024px) 100vw, 1024px\" \/><\/a><\/figure>\n\n\n\n<figure class=\"wp-block-image size-large\"><a href=\"http:\/\/www.kaizen-energy.net\/Viva\/wp-content\/uploads\/2024\/06\/417912985_763354709168861_3260512319898405966_n.jpg\"><img loading=\"lazy\" decoding=\"async\" width=\"1024\" height=\"758\" data-id=\"983\" src=\"http:\/\/www.kaizen-energy.net\/Viva\/wp-content\/uploads\/2024\/06\/417912985_763354709168861_3260512319898405966_n-1024x758.jpg\" alt=\"\" class=\"wp-image-983\" srcset=\"http:\/\/www.kaizen-energy.net\/Viva\/wp-content\/uploads\/2024\/06\/417912985_763354709168861_3260512319898405966_n-1024x758.jpg 1024w, http:\/\/www.kaizen-energy.net\/Viva\/wp-content\/uploads\/2024\/06\/417912985_763354709168861_3260512319898405966_n-300x222.jpg 300w, http:\/\/www.kaizen-energy.net\/Viva\/wp-content\/uploads\/2024\/06\/417912985_763354709168861_3260512319898405966_n-768x569.jpg 768w, http:\/\/www.kaizen-energy.net\/Viva\/wp-content\/uploads\/2024\/06\/417912985_763354709168861_3260512319898405966_n-1536x1137.jpg 1536w, http:\/\/www.kaizen-energy.net\/Viva\/wp-content\/uploads\/2024\/06\/417912985_763354709168861_3260512319898405966_n.jpg 1796w\" sizes=\"auto, (max-width: 1024px) 100vw, 1024px\" \/><\/a><\/figure>\n\n\n\n<figure class=\"wp-block-image size-large\"><a href=\"http:\/\/www.kaizen-energy.net\/Viva\/wp-content\/uploads\/2024\/06\/419131324_763352705835728_119836416192574441_n.jpg\"><img loading=\"lazy\" decoding=\"async\" width=\"1024\" height=\"899\" data-id=\"982\" src=\"http:\/\/www.kaizen-energy.net\/Viva\/wp-content\/uploads\/2024\/06\/419131324_763352705835728_119836416192574441_n-1024x899.jpg\" alt=\"\" class=\"wp-image-982\" srcset=\"http:\/\/www.kaizen-energy.net\/Viva\/wp-content\/uploads\/2024\/06\/419131324_763352705835728_119836416192574441_n-1024x899.jpg 1024w, http:\/\/www.kaizen-energy.net\/Viva\/wp-content\/uploads\/2024\/06\/419131324_763352705835728_119836416192574441_n-300x263.jpg 300w, http:\/\/www.kaizen-energy.net\/Viva\/wp-content\/uploads\/2024\/06\/419131324_763352705835728_119836416192574441_n-768x674.jpg 768w, http:\/\/www.kaizen-energy.net\/Viva\/wp-content\/uploads\/2024\/06\/419131324_763352705835728_119836416192574441_n.jpg 1284w\" sizes=\"auto, (max-width: 1024px) 100vw, 1024px\" \/><\/a><\/figure>\n\n\n\n<figure class=\"wp-block-image size-large\"><a href=\"http:\/\/www.kaizen-energy.net\/Viva\/wp-content\/uploads\/2024\/06\/416324534_761555622682103_6561362415373584328_n.jpg\"><img loading=\"lazy\" decoding=\"async\" width=\"843\" height=\"843\" data-id=\"981\" src=\"http:\/\/www.kaizen-energy.net\/Viva\/wp-content\/uploads\/2024\/06\/416324534_761555622682103_6561362415373584328_n.jpg\" alt=\"\" class=\"wp-image-981\" srcset=\"http:\/\/www.kaizen-energy.net\/Viva\/wp-content\/uploads\/2024\/06\/416324534_761555622682103_6561362415373584328_n.jpg 843w, http:\/\/www.kaizen-energy.net\/Viva\/wp-content\/uploads\/2024\/06\/416324534_761555622682103_6561362415373584328_n-300x300.jpg 300w, http:\/\/www.kaizen-energy.net\/Viva\/wp-content\/uploads\/2024\/06\/416324534_761555622682103_6561362415373584328_n-150x150.jpg 150w, http:\/\/www.kaizen-energy.net\/Viva\/wp-content\/uploads\/2024\/06\/416324534_761555622682103_6561362415373584328_n-768x768.jpg 768w\" sizes=\"auto, (max-width: 843px) 100vw, 843px\" \/><\/a><\/figure>\n\n\n\n<figure class=\"wp-block-image size-large\"><a href=\"http:\/\/www.kaizen-energy.net\/Viva\/wp-content\/uploads\/2024\/06\/416289800_761549899349342_4208643910697160134_n.jpg\"><img loading=\"lazy\" decoding=\"async\" width=\"1024\" height=\"1024\" data-id=\"980\" src=\"http:\/\/www.kaizen-energy.net\/Viva\/wp-content\/uploads\/2024\/06\/416289800_761549899349342_4208643910697160134_n-1024x1024.jpg\" alt=\"\" class=\"wp-image-980\" srcset=\"http:\/\/www.kaizen-energy.net\/Viva\/wp-content\/uploads\/2024\/06\/416289800_761549899349342_4208643910697160134_n-1024x1024.jpg 1024w, http:\/\/www.kaizen-energy.net\/Viva\/wp-content\/uploads\/2024\/06\/416289800_761549899349342_4208643910697160134_n-300x300.jpg 300w, http:\/\/www.kaizen-energy.net\/Viva\/wp-content\/uploads\/2024\/06\/416289800_761549899349342_4208643910697160134_n-150x150.jpg 150w, http:\/\/www.kaizen-energy.net\/Viva\/wp-content\/uploads\/2024\/06\/416289800_761549899349342_4208643910697160134_n-768x768.jpg 768w, http:\/\/www.kaizen-energy.net\/Viva\/wp-content\/uploads\/2024\/06\/416289800_761549899349342_4208643910697160134_n.jpg 1080w\" sizes=\"auto, (max-width: 1024px) 100vw, 1024px\" \/><\/a><\/figure>\n\n\n\n<figure class=\"wp-block-image size-large\"><a href=\"http:\/\/www.kaizen-energy.net\/Viva\/wp-content\/uploads\/2024\/06\/Six-months-Skin.jpg\"><img loading=\"lazy\" decoding=\"async\" width=\"1024\" height=\"674\" data-id=\"977\" src=\"http:\/\/www.kaizen-energy.net\/Viva\/wp-content\/uploads\/2024\/06\/Six-months-Skin-1024x674.jpg\" alt=\"\" class=\"wp-image-977\" srcset=\"http:\/\/www.kaizen-energy.net\/Viva\/wp-content\/uploads\/2024\/06\/Six-months-Skin-1024x674.jpg 1024w, http:\/\/www.kaizen-energy.net\/Viva\/wp-content\/uploads\/2024\/06\/Six-months-Skin-300x198.jpg 300w, http:\/\/www.kaizen-energy.net\/Viva\/wp-content\/uploads\/2024\/06\/Six-months-Skin-768x506.jpg 768w, http:\/\/www.kaizen-energy.net\/Viva\/wp-content\/uploads\/2024\/06\/Six-months-Skin.jpg 1280w\" sizes=\"auto, (max-width: 1024px) 100vw, 1024px\" \/><\/a><\/figure>\n<\/figure>\n","protected":false},"excerpt":{"rendered":"<p>Hers para las mujeres es algo que CADA mujer necesita en su vida! NutriSwish es proporciona Glutation que es uno de los ingredientes m\u00e1s importantes para el ser humano! Aqu\u00ed hay varios antes y despu\u00e9s del efecto de Nutriswish combinado con Neumi Skin<\/p>\n","protected":false},"author":46,"featured_media":0,"parent":0,"menu_order":0,"comment_status":"closed","ping_status":"closed","template":"","meta":{"footnotes":""},"class_list":["post-964","page","type-page","status-publish","hentry"],"yoast_head":"<!-- This site is optimized with the Yoast SEO plugin v27.3 - https:\/\/yoast.com\/product\/yoast-seo-wordpress\/ -->\n<title>El Producto Neumi - Equipo Kaizen<\/title>\n<meta name=\"robots\" content=\"index, follow, max-snippet:-1, max-image-preview:large, max-video-preview:-1\" \/>\n<link rel=\"canonical\" href=\"http:\/\/www.kaizen-energy.net\/Viva\/el-producto-neumi\/\" class=\"yoast-seo-meta-tag\" \/>\n<meta property=\"og:locale\" content=\"en_US\" class=\"yoast-seo-meta-tag\" \/>\n<meta property=\"og:type\" content=\"article\" class=\"yoast-seo-meta-tag\" \/>\n<meta property=\"og:title\" content=\"El Producto Neumi - Equipo Kaizen\" class=\"yoast-seo-meta-tag\" \/>\n<meta property=\"og:description\" content=\"Hers para las mujeres es algo que CADA mujer necesita en su vida! NutriSwish es proporciona Glutation que es uno de los ingredientes m\u00e1s importantes para el ser humano! Aqu\u00ed hay varios antes y despu\u00e9s del efecto de Nutriswish combinado con Neumi Skin\" class=\"yoast-seo-meta-tag\" \/>\n<meta property=\"og:url\" content=\"http:\/\/www.kaizen-energy.net\/Viva\/el-producto-neumi\/\" class=\"yoast-seo-meta-tag\" \/>\n<meta property=\"og:site_name\" content=\"Equipo Kaizen\" class=\"yoast-seo-meta-tag\" \/>\n<meta property=\"article:modified_time\" content=\"2024-06-25T21:04:56+00:00\" class=\"yoast-seo-meta-tag\" \/>\n<meta property=\"og:image\" content=\"http:\/\/www.kaizen-energy.net\/Viva\/wp-content\/uploads\/2024\/06\/Hydrastat-Espanol.png\" class=\"yoast-seo-meta-tag\" \/>\n<script type=\"application\/ld+json\" class=\"yoast-schema-graph\">{\"@context\":\"https:\\\/\\\/schema.org\",\"@graph\":[{\"@type\":\"WebPage\",\"@id\":\"http:\\\/\\\/www.kaizen-energy.net\\\/Viva\\\/el-producto-neumi\\\/\",\"url\":\"http:\\\/\\\/www.kaizen-energy.net\\\/Viva\\\/el-producto-neumi\\\/\",\"name\":\"El Producto Neumi - Equipo Kaizen\",\"isPartOf\":{\"@id\":\"http:\\\/\\\/www.kaizen-energy.net\\\/Viva\\\/#website\"},\"primaryImageOfPage\":{\"@id\":\"http:\\\/\\\/www.kaizen-energy.net\\\/Viva\\\/el-producto-neumi\\\/#primaryimage\"},\"image\":{\"@id\":\"http:\\\/\\\/www.kaizen-energy.net\\\/Viva\\\/el-producto-neumi\\\/#primaryimage\"},\"thumbnailUrl\":\"http:\\\/\\\/www.kaizen-energy.net\\\/Viva\\\/wp-content\\\/uploads\\\/2024\\\/06\\\/Hydrastat-Espanol.png\",\"datePublished\":\"2024-06-25T21:04:55+00:00\",\"dateModified\":\"2024-06-25T21:04:56+00:00\",\"inLanguage\":\"en-US\",\"potentialAction\":[{\"@type\":\"ReadAction\",\"target\":[\"http:\\\/\\\/www.kaizen-energy.net\\\/Viva\\\/el-producto-neumi\\\/\"]}]},{\"@type\":\"ImageObject\",\"inLanguage\":\"en-US\",\"@id\":\"http:\\\/\\\/www.kaizen-energy.net\\\/Viva\\\/el-producto-neumi\\\/#primaryimage\",\"url\":\"http:\\\/\\\/www.kaizen-energy.net\\\/Viva\\\/wp-content\\\/uploads\\\/2024\\\/06\\\/Hydrastat-Espanol.png\",\"contentUrl\":\"http:\\\/\\\/www.kaizen-energy.net\\\/Viva\\\/wp-content\\\/uploads\\\/2024\\\/06\\\/Hydrastat-Espanol.png\",\"width\":621,\"height\":590},{\"@type\":\"WebSite\",\"@id\":\"http:\\\/\\\/www.kaizen-energy.net\\\/Viva\\\/#website\",\"url\":\"http:\\\/\\\/www.kaizen-energy.net\\\/Viva\\\/\",\"name\":\"Equipo Kaizen\",\"description\":\"Blog Oficial del Equipo Kaizen\",\"potentialAction\":[{\"@type\":\"SearchAction\",\"target\":{\"@type\":\"EntryPoint\",\"urlTemplate\":\"http:\\\/\\\/www.kaizen-energy.net\\\/Viva\\\/?s={search_term_string}\"},\"query-input\":{\"@type\":\"PropertyValueSpecification\",\"valueRequired\":true,\"valueName\":\"search_term_string\"}}],\"inLanguage\":\"en-US\"}]}<\/script>\n<!-- \/ Yoast SEO plugin. -->","yoast_head_json":{"title":"El Producto Neumi - Equipo Kaizen","robots":{"index":"index","follow":"follow","max-snippet":"max-snippet:-1","max-image-preview":"max-image-preview:large","max-video-preview":"max-video-preview:-1"},"canonical":"http:\/\/www.kaizen-energy.net\/Viva\/el-producto-neumi\/","og_locale":"en_US","og_type":"article","og_title":"El Producto Neumi - Equipo Kaizen","og_description":"Hers para las mujeres es algo que CADA mujer necesita en su vida! NutriSwish es proporciona Glutation que es uno de los ingredientes m\u00e1s importantes para el ser humano! Aqu\u00ed hay varios antes y despu\u00e9s del efecto de Nutriswish combinado con Neumi Skin","og_url":"http:\/\/www.kaizen-energy.net\/Viva\/el-producto-neumi\/","og_site_name":"Equipo Kaizen","article_modified_time":"2024-06-25T21:04:56+00:00","og_image":[{"url":"http:\/\/www.kaizen-energy.net\/Viva\/wp-content\/uploads\/2024\/06\/Hydrastat-Espanol.png","type":"","width":"","height":""}],"schema":{"@context":"https:\/\/schema.org","@graph":[{"@type":"WebPage","@id":"http:\/\/www.kaizen-energy.net\/Viva\/el-producto-neumi\/","url":"http:\/\/www.kaizen-energy.net\/Viva\/el-producto-neumi\/","name":"El Producto Neumi - Equipo Kaizen","isPartOf":{"@id":"http:\/\/www.kaizen-energy.net\/Viva\/#website"},"primaryImageOfPage":{"@id":"http:\/\/www.kaizen-energy.net\/Viva\/el-producto-neumi\/#primaryimage"},"image":{"@id":"http:\/\/www.kaizen-energy.net\/Viva\/el-producto-neumi\/#primaryimage"},"thumbnailUrl":"http:\/\/www.kaizen-energy.net\/Viva\/wp-content\/uploads\/2024\/06\/Hydrastat-Espanol.png","datePublished":"2024-06-25T21:04:55+00:00","dateModified":"2024-06-25T21:04:56+00:00","inLanguage":"en-US","potentialAction":[{"@type":"ReadAction","target":["http:\/\/www.kaizen-energy.net\/Viva\/el-producto-neumi\/"]}]},{"@type":"ImageObject","inLanguage":"en-US","@id":"http:\/\/www.kaizen-energy.net\/Viva\/el-producto-neumi\/#primaryimage","url":"http:\/\/www.kaizen-energy.net\/Viva\/wp-content\/uploads\/2024\/06\/Hydrastat-Espanol.png","contentUrl":"http:\/\/www.kaizen-energy.net\/Viva\/wp-content\/uploads\/2024\/06\/Hydrastat-Espanol.png","width":621,"height":590},{"@type":"WebSite","@id":"http:\/\/www.kaizen-energy.net\/Viva\/#website","url":"http:\/\/www.kaizen-energy.net\/Viva\/","name":"Equipo Kaizen","description":"Blog Oficial del Equipo Kaizen","potentialAction":[{"@type":"SearchAction","target":{"@type":"EntryPoint","urlTemplate":"http:\/\/www.kaizen-energy.net\/Viva\/?s={search_term_string}"},"query-input":{"@type":"PropertyValueSpecification","valueRequired":true,"valueName":"search_term_string"}}],"inLanguage":"en-US"}]}},"_links":{"self":[{"href":"http:\/\/www.kaizen-energy.net\/Viva\/wp-json\/wp\/v2\/pages\/964","targetHints":{"allow":["GET"]}}],"collection":[{"href":"http:\/\/www.kaizen-energy.net\/Viva\/wp-json\/wp\/v2\/pages"}],"about":[{"href":"http:\/\/www.kaizen-energy.net\/Viva\/wp-json\/wp\/v2\/types\/page"}],"author":[{"embeddable":true,"href":"http:\/\/www.kaizen-energy.net\/Viva\/wp-json\/wp\/v2\/users\/46"}],"replies":[{"embeddable":true,"href":"http:\/\/www.kaizen-energy.net\/Viva\/wp-json\/wp\/v2\/comments?post=964"}],"version-history":[{"count":1,"href":"http:\/\/www.kaizen-energy.net\/Viva\/wp-json\/wp\/v2\/pages\/964\/revisions"}],"predecessor-version":[{"id":991,"href":"http:\/\/www.kaizen-energy.net\/Viva\/wp-json\/wp\/v2\/pages\/964\/revisions\/991"}],"wp:attachment":[{"href":"http:\/\/www.kaizen-energy.net\/Viva\/wp-json\/wp\/v2\/media?parent=964"}],"curies":[{"name":"wp","href":"https:\/\/api.w.org\/{rel}","templated":true}]}}